{"id":1339,"date":"2019-03-28T18:52:14","date_gmt":"2019-03-28T18:52:14","guid":{"rendered":"http:\/\/danielsuarezracing.com\/?page_id=1339"},"modified":"2026-01-27T14:41:16","modified_gmt":"2026-01-27T14:41:16","slug":"daniel-suarez-autografos","status":"publish","type":"page","link":"https:\/\/danielsuarezracing.com\/es\/daniel-suarez-autografos\/","title":{"rendered":"SOLICITUD DE AUT\u00d3GRAFO DE DANIEL SU\u00c1REZ"},"content":{"rendered":"<p>Daniel Su\u00e1rez har\u00e1 todo lo posible para honrar las solicitudes de aut\u00f3grafos de todos sus aficionados. Sin embargo, debido a la gran cantidad de solicitudes, es necesario seguir nuestras reglas de solicitud. Por favor respeta y sigue las reglas enumeradas a continuaci\u00f3n. Tambi\u00e9n hay que tener en cuenta que, debido al gran volumen de correo que recibe Daniel, los art\u00edculos ocasionalmente se separan de sus sobres o cajas. Tambi\u00e9n hay ocasiones en que el correo no llega al destino correcto. No nos hacemos responsables por art\u00edculos faltantes, perdidos o no devueltos.<\/p>\n<p>&nbsp;<\/p>\n<ol>\n<li>Para que podamos devolver tu art\u00edculo, incluye un paquete con direcci\u00f3n y estampillas. SI NO INCLUYES UN M\u00c9TODO DE ENV\u00cdO DE DEVOLUCI\u00d3N, TU ART\u00cdCULO NO SER\u00c1 DEVUELTO. NO se aceptan cheques personales, efectivo o giros postales.<\/li>\n<li>Trataremos de honrar las solicitudes de tarjetas postales de autografiadas HASTA AGOTAR EXISTENCIAS. El l\u00edmite es de UNA por persona. Env\u00eda un sobre con tu direcci\u00f3n ya incluida de 8 &#8220;x 10&#8221; o m\u00e1s grande. Nota: los sobres de 9 &#8220;x 11&#8221; requieren estampillas adicionales para su entrega. (Se requieren m\u00e1s tarifas postales para el correo internacional). SI NO INCLUYES UN M\u00c9TODO DE ENV\u00cdO DE DEVOLUCI\u00d3N, TU ART\u00cdCULO NO SER\u00c1 DEVUELTO.<\/li>\n<li>Ni DNS Racing LLC, ni ninguno de sus afiliados, pueden garantizar la devoluci\u00f3n segura y \/ o puntual de cualquier solicitud de aut\u00f3grafo. Al enviar una solicitud de aut\u00f3grafo, lo haces bajo tu propio riesgo.<\/li>\n<li>Todas las solicitudes de aut\u00f3grafos son limitadas. Puedes enviar DOS solicitudes por hogar por a\u00f1o.<\/li>\n<li>Ten en cuenta que Daniel no puede obtener los aut\u00f3grafos de otros pilotos. Dichas solicitudes ser\u00e1n devueltas sin firmar.<\/li>\n<\/ol>\n<p>Gracias por seguir estas reglas. Todas las solicitudes de aut\u00f3grafos de Daniel Su\u00e1rez deben ser enviadas a:<\/p>\n<p>&nbsp;<\/p>\n<p><strong>Spire Motorsports<br \/>\nATTN: Daniel Su\u00e1rez Autograph Request<\/strong><br \/>\n<strong>351 Mazeppa Rd<\/strong><br \/>\n<strong>Mooresville, NC 28115<\/strong><\/p>\n<p>&nbsp;<\/p>\n","protected":false},"excerpt":{"rendered":"<p>Daniel Su\u00e1rez har\u00e1 todo lo posible para honrar las solicitudes de aut\u00f3grafos de todos sus aficionados. Sin embargo, debido a la gran cantidad de solicitudes, es necesario seguir nuestras reglas de solicitud. Por favor respeta y sigue las reglas enumeradas a continuaci\u00f3n. Tambi\u00e9n hay que tener en cuenta que, debido al gran volumen de correo [&hellip;]<\/p>\n","protected":false},"author":2,"featured_media":8439,"parent":0,"menu_order":0,"comment_status":"closed","ping_status":"closed","template":"","meta":{"_acf_changed":false,"footnotes":""},"class_list":["post-1339","page","type-page","status-publish","has-post-thumbnail","hentry"],"acf":[],"yoast_head":"<!-- This site is optimized with the Yoast SEO plugin v26.5 - https:\/\/yoast.com\/wordpress\/plugins\/seo\/ -->\n<title>SOLICITUD DE AUT\u00d3GRAFO DE DANIEL SU\u00c1REZ - Daniel Su\u00e1rez<\/title>\n<meta name=\"robots\" content=\"index, follow, max-snippet:-1, max-image-preview:large, max-video-preview:-1\" \/>\n<link rel=\"canonical\" href=\"https:\/\/danielsuarezracing.com\/es\/daniel-suarez-autografos\/\" \/>\n<meta property=\"og:locale\" content=\"es_ES\" \/>\n<meta property=\"og:type\" content=\"article\" \/>\n<meta property=\"og:title\" content=\"SOLICITUD DE AUT\u00d3GRAFO DE DANIEL SU\u00c1REZ - Daniel Su\u00e1rez\" \/>\n<meta property=\"og:description\" content=\"Daniel Su\u00e1rez har\u00e1 todo lo posible para honrar las solicitudes de aut\u00f3grafos de todos sus aficionados. Sin embargo, debido a la gran cantidad de solicitudes, es necesario seguir nuestras reglas de solicitud. Por favor respeta y sigue las reglas enumeradas a continuaci\u00f3n. Tambi\u00e9n hay que tener en cuenta que, debido al gran volumen de correo [&hellip;]\" \/>\n<meta property=\"og:url\" content=\"https:\/\/danielsuarezracing.com\/es\/daniel-suarez-autografos\/\" \/>\n<meta property=\"og:site_name\" content=\"Daniel Su\u00e1rez\" \/>\n<meta property=\"article:modified_time\" content=\"2026-01-27T14:41:16+00:00\" \/>\n<meta property=\"og:image\" content=\"https:\/\/danielsuarezracing.com\/wp-content\/uploads\/2020\/02\/Request_autograph_featured_1920x543.png\" \/>\n\t<meta property=\"og:image:width\" content=\"1920\" \/>\n\t<meta property=\"og:image:height\" content=\"543\" \/>\n\t<meta property=\"og:image:type\" content=\"image\/png\" \/>\n<meta name=\"twitter:card\" content=\"summary_large_image\" \/>\n<meta name=\"twitter:label1\" content=\"Est. reading time\" \/>\n\t<meta name=\"twitter:data1\" content=\"2 minutes\" \/>\n<script type=\"application\/ld+json\" class=\"yoast-schema-graph\">{\"@context\":\"https:\/\/schema.org\",\"@graph\":[{\"@type\":\"WebPage\",\"@id\":\"https:\/\/danielsuarezracing.com\/es\/daniel-suarez-autografos\/\",\"url\":\"https:\/\/danielsuarezracing.com\/es\/daniel-suarez-autografos\/\",\"name\":\"SOLICITUD DE AUT\u00d3GRAFO DE DANIEL SU\u00c1REZ - Daniel Su\u00e1rez\",\"isPartOf\":{\"@id\":\"https:\/\/danielsuarezracing.com\/#website\"},\"primaryImageOfPage\":{\"@id\":\"https:\/\/danielsuarezracing.com\/es\/daniel-suarez-autografos\/#primaryimage\"},\"image\":{\"@id\":\"https:\/\/danielsuarezracing.com\/es\/daniel-suarez-autografos\/#primaryimage\"},\"thumbnailUrl\":\"https:\/\/danielsuarezracing.com\/wp-content\/uploads\/2020\/02\/Request_autograph_featured_1920x543.png\",\"datePublished\":\"2019-03-28T18:52:14+00:00\",\"dateModified\":\"2026-01-27T14:41:16+00:00\",\"breadcrumb\":{\"@id\":\"https:\/\/danielsuarezracing.com\/es\/daniel-suarez-autografos\/#breadcrumb\"},\"inLanguage\":\"es-ES\",\"potentialAction\":[{\"@type\":\"ReadAction\",\"target\":[\"https:\/\/danielsuarezracing.com\/es\/daniel-suarez-autografos\/\"]}]},{\"@type\":\"ImageObject\",\"inLanguage\":\"es-ES\",\"@id\":\"https:\/\/danielsuarezracing.com\/es\/daniel-suarez-autografos\/#primaryimage\",\"url\":\"https:\/\/danielsuarezracing.com\/wp-content\/uploads\/2020\/02\/Request_autograph_featured_1920x543.png\",\"contentUrl\":\"https:\/\/danielsuarezracing.com\/wp-content\/uploads\/2020\/02\/Request_autograph_featured_1920x543.png\",\"width\":1920,\"height\":543},{\"@type\":\"BreadcrumbList\",\"@id\":\"https:\/\/danielsuarezracing.com\/es\/daniel-suarez-autografos\/#breadcrumb\",\"itemListElement\":[{\"@type\":\"ListItem\",\"position\":1,\"name\":\"Home\",\"item\":\"https:\/\/danielsuarezracing.com\/es\/\"},{\"@type\":\"ListItem\",\"position\":2,\"name\":\"SOLICITUD DE AUT\u00d3GRAFO DE DANIEL SU\u00c1REZ\"}]},{\"@type\":\"WebSite\",\"@id\":\"https:\/\/danielsuarezracing.com\/#website\",\"url\":\"https:\/\/danielsuarezracing.com\/\",\"name\":\"Daniel Su\u00e1rez\",\"description\":\"\",\"potentialAction\":[{\"@type\":\"SearchAction\",\"target\":{\"@type\":\"EntryPoint\",\"urlTemplate\":\"https:\/\/danielsuarezracing.com\/?s={search_term_string}\"},\"query-input\":{\"@type\":\"PropertyValueSpecification\",\"valueRequired\":true,\"valueName\":\"search_term_string\"}}],\"inLanguage\":\"es-ES\"}]}<\/script>\n<!-- \/ Yoast SEO plugin. -->","yoast_head_json":{"title":"SOLICITUD DE AUT\u00d3GRAFO DE DANIEL SU\u00c1REZ - Daniel Su\u00e1rez","robots":{"index":"index","follow":"follow","max-snippet":"max-snippet:-1","max-image-preview":"max-image-preview:large","max-video-preview":"max-video-preview:-1"},"canonical":"https:\/\/danielsuarezracing.com\/es\/daniel-suarez-autografos\/","og_locale":"es_ES","og_type":"article","og_title":"SOLICITUD DE AUT\u00d3GRAFO DE DANIEL SU\u00c1REZ - Daniel Su\u00e1rez","og_description":"Daniel Su\u00e1rez har\u00e1 todo lo posible para honrar las solicitudes de aut\u00f3grafos de todos sus aficionados. Sin embargo, debido a la gran cantidad de solicitudes, es necesario seguir nuestras reglas de solicitud. Por favor respeta y sigue las reglas enumeradas a continuaci\u00f3n. Tambi\u00e9n hay que tener en cuenta que, debido al gran volumen de correo [&hellip;]","og_url":"https:\/\/danielsuarezracing.com\/es\/daniel-suarez-autografos\/","og_site_name":"Daniel Su\u00e1rez","article_modified_time":"2026-01-27T14:41:16+00:00","og_image":[{"width":1920,"height":543,"url":"https:\/\/danielsuarezracing.com\/wp-content\/uploads\/2020\/02\/Request_autograph_featured_1920x543.png","type":"image\/png"}],"twitter_card":"summary_large_image","twitter_misc":{"Est. reading time":"2 minutes"},"schema":{"@context":"https:\/\/schema.org","@graph":[{"@type":"WebPage","@id":"https:\/\/danielsuarezracing.com\/es\/daniel-suarez-autografos\/","url":"https:\/\/danielsuarezracing.com\/es\/daniel-suarez-autografos\/","name":"SOLICITUD DE AUT\u00d3GRAFO DE DANIEL SU\u00c1REZ - Daniel Su\u00e1rez","isPartOf":{"@id":"https:\/\/danielsuarezracing.com\/#website"},"primaryImageOfPage":{"@id":"https:\/\/danielsuarezracing.com\/es\/daniel-suarez-autografos\/#primaryimage"},"image":{"@id":"https:\/\/danielsuarezracing.com\/es\/daniel-suarez-autografos\/#primaryimage"},"thumbnailUrl":"https:\/\/danielsuarezracing.com\/wp-content\/uploads\/2020\/02\/Request_autograph_featured_1920x543.png","datePublished":"2019-03-28T18:52:14+00:00","dateModified":"2026-01-27T14:41:16+00:00","breadcrumb":{"@id":"https:\/\/danielsuarezracing.com\/es\/daniel-suarez-autografos\/#breadcrumb"},"inLanguage":"es-ES","potentialAction":[{"@type":"ReadAction","target":["https:\/\/danielsuarezracing.com\/es\/daniel-suarez-autografos\/"]}]},{"@type":"ImageObject","inLanguage":"es-ES","@id":"https:\/\/danielsuarezracing.com\/es\/daniel-suarez-autografos\/#primaryimage","url":"https:\/\/danielsuarezracing.com\/wp-content\/uploads\/2020\/02\/Request_autograph_featured_1920x543.png","contentUrl":"https:\/\/danielsuarezracing.com\/wp-content\/uploads\/2020\/02\/Request_autograph_featured_1920x543.png","width":1920,"height":543},{"@type":"BreadcrumbList","@id":"https:\/\/danielsuarezracing.com\/es\/daniel-suarez-autografos\/#breadcrumb","itemListElement":[{"@type":"ListItem","position":1,"name":"Home","item":"https:\/\/danielsuarezracing.com\/es\/"},{"@type":"ListItem","position":2,"name":"SOLICITUD DE AUT\u00d3GRAFO DE DANIEL SU\u00c1REZ"}]},{"@type":"WebSite","@id":"https:\/\/danielsuarezracing.com\/#website","url":"https:\/\/danielsuarezracing.com\/","name":"Daniel Su\u00e1rez","description":"","potentialAction":[{"@type":"SearchAction","target":{"@type":"EntryPoint","urlTemplate":"https:\/\/danielsuarezracing.com\/?s={search_term_string}"},"query-input":{"@type":"PropertyValueSpecification","valueRequired":true,"valueName":"search_term_string"}}],"inLanguage":"es-ES"}]}},"_links":{"self":[{"href":"https:\/\/danielsuarezracing.com\/es\/wp-json\/wp\/v2\/pages\/1339","targetHints":{"allow":["GET"]}}],"collection":[{"href":"https:\/\/danielsuarezracing.com\/es\/wp-json\/wp\/v2\/pages"}],"about":[{"href":"https:\/\/danielsuarezracing.com\/es\/wp-json\/wp\/v2\/types\/page"}],"author":[{"embeddable":true,"href":"https:\/\/danielsuarezracing.com\/es\/wp-json\/wp\/v2\/users\/2"}],"replies":[{"embeddable":true,"href":"https:\/\/danielsuarezracing.com\/es\/wp-json\/wp\/v2\/comments?post=1339"}],"version-history":[{"count":8,"href":"https:\/\/danielsuarezracing.com\/es\/wp-json\/wp\/v2\/pages\/1339\/revisions"}],"predecessor-version":[{"id":41245,"href":"https:\/\/danielsuarezracing.com\/es\/wp-json\/wp\/v2\/pages\/1339\/revisions\/41245"}],"wp:featuredmedia":[{"embeddable":true,"href":"https:\/\/danielsuarezracing.com\/es\/wp-json\/wp\/v2\/media\/8439"}],"wp:attachment":[{"href":"https:\/\/danielsuarezracing.com\/es\/wp-json\/wp\/v2\/media?parent=1339"}],"curies":[{"name":"wp","href":"https:\/\/api.w.org\/{rel}","templated":true}]}}