{"id":1627,"date":"2019-04-11T21:03:35","date_gmt":"2019-04-11T21:03:35","guid":{"rendered":"http:\/\/danielsuarezracing.com\/classic-cars\/"},"modified":"2019-10-03T15:47:33","modified_gmt":"2019-10-03T15:47:33","slug":"classic-cars","status":"publish","type":"page","link":"https:\/\/danielsuarezracing.com\/es\/classic-cars\/","title":{"rendered":"Autos Cl\u00e1sicos"},"content":{"rendered":"<p>Desde que era peque\u00f1o en M\u00e9xico, Daniel recuerda que le ayudaba su pap\u00e1 a arreglar los autos en su taller. Vio de primera mano el amor que su padre ten\u00eda por restaurar autos antiguos. Le pas\u00f3 esa pasi\u00f3n a Daniel.<\/p>\n<p>Como el primer auto de Daniel fue un vocho, \u00e9l tiene un v\u00ednculo especial con estos autos y siempre est\u00e1 en la b\u00fasqueda de un cl\u00e1sico para restaurar. Para Daniel, estos autos le recuerdan donde creci\u00f3 y de d\u00f3nde viene. Cuando trabaja en sus carros con su pap\u00e1, es la combinaci\u00f3n perfecta: tiempo familiar y restauraci\u00f3n de autom\u00f3viles.<\/p>\n<p>Hasta el d\u00eda de hoy, el amor de Daniel por los autos y su restauraci\u00f3n se remonta a ese <a href=\"https:\/\/www.instagram.com\/dnsrestauraciones\/\">taller<\/a>, que ahora comparte con su papi.<\/p>\n<p>\u00bfCu\u00e1ntas restauraciones ha realizado Daniel con su pap\u00e1? \u00bfEn cu\u00e1ntos proyectos est\u00e1 trabajando actualmente? \u00bfCu\u00e1l es su favorito en su colecci\u00f3n de coches cl\u00e1sicos?<\/p>\n<p>Conoce m\u00e1s sobre las restauraciones de Daniel:<\/p>\n","protected":false},"excerpt":{"rendered":"<p>Desde que era peque\u00f1o en M\u00e9xico, Daniel recuerda que le ayudaba su pap\u00e1 a arreglar los autos en su taller. Vio de primera mano el amor que su padre ten\u00eda por restaurar autos antiguos. Le pas\u00f3 esa pasi\u00f3n a Daniel. Como el primer auto de Daniel fue un vocho, \u00e9l tiene un v\u00ednculo especial con [&hellip;]<\/p>\n","protected":false},"author":2,"featured_media":1676,"parent":0,"menu_order":0,"comment_status":"closed","ping_status":"closed","template":"","meta":{"_acf_changed":false,"footnotes":""},"class_list":["post-1627","page","type-page","status-publish","has-post-thumbnail","hentry"],"acf":[],"yoast_head":"<!-- This site is optimized with the Yoast SEO plugin v26.5 - https:\/\/yoast.com\/wordpress\/plugins\/seo\/ -->\n<title>Autos Cl\u00e1sicos - Daniel Su\u00e1rez<\/title>\n<meta name=\"robots\" content=\"index, follow, max-snippet:-1, max-image-preview:large, max-video-preview:-1\" \/>\n<link rel=\"canonical\" href=\"https:\/\/danielsuarezracing.com\/es\/classic-cars\/\" \/>\n<meta property=\"og:locale\" content=\"es_ES\" \/>\n<meta property=\"og:type\" content=\"article\" \/>\n<meta property=\"og:title\" content=\"Autos Cl\u00e1sicos - Daniel Su\u00e1rez\" \/>\n<meta property=\"og:description\" content=\"Desde que era peque\u00f1o en M\u00e9xico, Daniel recuerda que le ayudaba su pap\u00e1 a arreglar los autos en su taller. Vio de primera mano el amor que su padre ten\u00eda por restaurar autos antiguos. Le pas\u00f3 esa pasi\u00f3n a Daniel. Como el primer auto de Daniel fue un vocho, \u00e9l tiene un v\u00ednculo especial con [&hellip;]\" \/>\n<meta property=\"og:url\" content=\"https:\/\/danielsuarezracing.com\/es\/classic-cars\/\" \/>\n<meta property=\"og:site_name\" content=\"Daniel Su\u00e1rez\" \/>\n<meta property=\"article:modified_time\" content=\"2019-10-03T15:47:33+00:00\" \/>\n<meta property=\"og:image\" content=\"https:\/\/danielsuarezracing.com\/wp-content\/uploads\/2019\/04\/banner_classicars_new.jpg\" \/>\n\t<meta property=\"og:image:width\" content=\"2476\" \/>\n\t<meta property=\"og:image:height\" content=\"732\" \/>\n\t<meta property=\"og:image:type\" content=\"image\/jpeg\" \/>\n<meta name=\"twitter:card\" content=\"summary_large_image\" \/>\n<meta name=\"twitter:label1\" content=\"Est. reading time\" \/>\n\t<meta name=\"twitter:data1\" content=\"1 minute\" \/>\n<script type=\"application\/ld+json\" class=\"yoast-schema-graph\">{\"@context\":\"https:\/\/schema.org\",\"@graph\":[{\"@type\":\"WebPage\",\"@id\":\"https:\/\/danielsuarezracing.com\/es\/classic-cars\/\",\"url\":\"https:\/\/danielsuarezracing.com\/es\/classic-cars\/\",\"name\":\"Autos Cl\u00e1sicos - Daniel Su\u00e1rez\",\"isPartOf\":{\"@id\":\"https:\/\/danielsuarezracing.com\/#website\"},\"primaryImageOfPage\":{\"@id\":\"https:\/\/danielsuarezracing.com\/es\/classic-cars\/#primaryimage\"},\"image\":{\"@id\":\"https:\/\/danielsuarezracing.com\/es\/classic-cars\/#primaryimage\"},\"thumbnailUrl\":\"https:\/\/danielsuarezracing.com\/wp-content\/uploads\/2019\/04\/banner_classicars_new.jpg\",\"datePublished\":\"2019-04-11T21:03:35+00:00\",\"dateModified\":\"2019-10-03T15:47:33+00:00\",\"breadcrumb\":{\"@id\":\"https:\/\/danielsuarezracing.com\/es\/classic-cars\/#breadcrumb\"},\"inLanguage\":\"es-ES\",\"potentialAction\":[{\"@type\":\"ReadAction\",\"target\":[\"https:\/\/danielsuarezracing.com\/es\/classic-cars\/\"]}]},{\"@type\":\"ImageObject\",\"inLanguage\":\"es-ES\",\"@id\":\"https:\/\/danielsuarezracing.com\/es\/classic-cars\/#primaryimage\",\"url\":\"https:\/\/danielsuarezracing.com\/wp-content\/uploads\/2019\/04\/banner_classicars_new.jpg\",\"contentUrl\":\"https:\/\/danielsuarezracing.com\/wp-content\/uploads\/2019\/04\/banner_classicars_new.jpg\",\"width\":2476,\"height\":732},{\"@type\":\"BreadcrumbList\",\"@id\":\"https:\/\/danielsuarezracing.com\/es\/classic-cars\/#breadcrumb\",\"itemListElement\":[{\"@type\":\"ListItem\",\"position\":1,\"name\":\"Home\",\"item\":\"https:\/\/danielsuarezracing.com\/es\/\"},{\"@type\":\"ListItem\",\"position\":2,\"name\":\"Autos Cl\u00e1sicos\"}]},{\"@type\":\"WebSite\",\"@id\":\"https:\/\/danielsuarezracing.com\/#website\",\"url\":\"https:\/\/danielsuarezracing.com\/\",\"name\":\"Daniel Su\u00e1rez\",\"description\":\"\",\"potentialAction\":[{\"@type\":\"SearchAction\",\"target\":{\"@type\":\"EntryPoint\",\"urlTemplate\":\"https:\/\/danielsuarezracing.com\/?s={search_term_string}\"},\"query-input\":{\"@type\":\"PropertyValueSpecification\",\"valueRequired\":true,\"valueName\":\"search_term_string\"}}],\"inLanguage\":\"es-ES\"}]}<\/script>\n<!-- \/ Yoast SEO plugin. -->","yoast_head_json":{"title":"Autos Cl\u00e1sicos - Daniel Su\u00e1rez","robots":{"index":"index","follow":"follow","max-snippet":"max-snippet:-1","max-image-preview":"max-image-preview:large","max-video-preview":"max-video-preview:-1"},"canonical":"https:\/\/danielsuarezracing.com\/es\/classic-cars\/","og_locale":"es_ES","og_type":"article","og_title":"Autos Cl\u00e1sicos - Daniel Su\u00e1rez","og_description":"Desde que era peque\u00f1o en M\u00e9xico, Daniel recuerda que le ayudaba su pap\u00e1 a arreglar los autos en su taller. Vio de primera mano el amor que su padre ten\u00eda por restaurar autos antiguos. Le pas\u00f3 esa pasi\u00f3n a Daniel. Como el primer auto de Daniel fue un vocho, \u00e9l tiene un v\u00ednculo especial con [&hellip;]","og_url":"https:\/\/danielsuarezracing.com\/es\/classic-cars\/","og_site_name":"Daniel Su\u00e1rez","article_modified_time":"2019-10-03T15:47:33+00:00","og_image":[{"width":2476,"height":732,"url":"https:\/\/danielsuarezracing.com\/wp-content\/uploads\/2019\/04\/banner_classicars_new.jpg","type":"image\/jpeg"}],"twitter_card":"summary_large_image","twitter_misc":{"Est. reading time":"1 minute"},"schema":{"@context":"https:\/\/schema.org","@graph":[{"@type":"WebPage","@id":"https:\/\/danielsuarezracing.com\/es\/classic-cars\/","url":"https:\/\/danielsuarezracing.com\/es\/classic-cars\/","name":"Autos Cl\u00e1sicos - Daniel Su\u00e1rez","isPartOf":{"@id":"https:\/\/danielsuarezracing.com\/#website"},"primaryImageOfPage":{"@id":"https:\/\/danielsuarezracing.com\/es\/classic-cars\/#primaryimage"},"image":{"@id":"https:\/\/danielsuarezracing.com\/es\/classic-cars\/#primaryimage"},"thumbnailUrl":"https:\/\/danielsuarezracing.com\/wp-content\/uploads\/2019\/04\/banner_classicars_new.jpg","datePublished":"2019-04-11T21:03:35+00:00","dateModified":"2019-10-03T15:47:33+00:00","breadcrumb":{"@id":"https:\/\/danielsuarezracing.com\/es\/classic-cars\/#breadcrumb"},"inLanguage":"es-ES","potentialAction":[{"@type":"ReadAction","target":["https:\/\/danielsuarezracing.com\/es\/classic-cars\/"]}]},{"@type":"ImageObject","inLanguage":"es-ES","@id":"https:\/\/danielsuarezracing.com\/es\/classic-cars\/#primaryimage","url":"https:\/\/danielsuarezracing.com\/wp-content\/uploads\/2019\/04\/banner_classicars_new.jpg","contentUrl":"https:\/\/danielsuarezracing.com\/wp-content\/uploads\/2019\/04\/banner_classicars_new.jpg","width":2476,"height":732},{"@type":"BreadcrumbList","@id":"https:\/\/danielsuarezracing.com\/es\/classic-cars\/#breadcrumb","itemListElement":[{"@type":"ListItem","position":1,"name":"Home","item":"https:\/\/danielsuarezracing.com\/es\/"},{"@type":"ListItem","position":2,"name":"Autos Cl\u00e1sicos"}]},{"@type":"WebSite","@id":"https:\/\/danielsuarezracing.com\/#website","url":"https:\/\/danielsuarezracing.com\/","name":"Daniel Su\u00e1rez","description":"","potentialAction":[{"@type":"SearchAction","target":{"@type":"EntryPoint","urlTemplate":"https:\/\/danielsuarezracing.com\/?s={search_term_string}"},"query-input":{"@type":"PropertyValueSpecification","valueRequired":true,"valueName":"search_term_string"}}],"inLanguage":"es-ES"}]}},"_links":{"self":[{"href":"https:\/\/danielsuarezracing.com\/es\/wp-json\/wp\/v2\/pages\/1627","targetHints":{"allow":["GET"]}}],"collection":[{"href":"https:\/\/danielsuarezracing.com\/es\/wp-json\/wp\/v2\/pages"}],"about":[{"href":"https:\/\/danielsuarezracing.com\/es\/wp-json\/wp\/v2\/types\/page"}],"author":[{"embeddable":true,"href":"https:\/\/danielsuarezracing.com\/es\/wp-json\/wp\/v2\/users\/2"}],"replies":[{"embeddable":true,"href":"https:\/\/danielsuarezracing.com\/es\/wp-json\/wp\/v2\/comments?post=1627"}],"version-history":[{"count":1,"href":"https:\/\/danielsuarezracing.com\/es\/wp-json\/wp\/v2\/pages\/1627\/revisions"}],"predecessor-version":[{"id":1644,"href":"https:\/\/danielsuarezracing.com\/es\/wp-json\/wp\/v2\/pages\/1627\/revisions\/1644"}],"wp:featuredmedia":[{"embeddable":true,"href":"https:\/\/danielsuarezracing.com\/es\/wp-json\/wp\/v2\/media\/1676"}],"wp:attachment":[{"href":"https:\/\/danielsuarezracing.com\/es\/wp-json\/wp\/v2\/media?parent=1627"}],"curies":[{"name":"wp","href":"https:\/\/api.w.org\/{rel}","templated":true}]}}