{"id":312,"date":"2019-02-12T21:24:16","date_gmt":"2019-02-12T21:24:16","guid":{"rendered":"http:\/\/danielsuarezracing.com\/about-daniel\/"},"modified":"2026-01-27T15:28:02","modified_gmt":"2026-01-27T15:28:02","slug":"sobre-daniel","status":"publish","type":"page","link":"https:\/\/danielsuarezracing.com\/es\/sobre-daniel\/","title":{"rendered":"DANIEL SU\u00c1REZ: Piloto"},"content":{"rendered":"<p>Donde sea que Daniel Su\u00e1rez ha participado para llegar a competir en la m\u00e1xima categor\u00eda de NASCAR, Monster Energy Cup, el piloto de Monterrey, Nuevo Le\u00f3n, M\u00e9xico ha ganado. Desde los karts, la Serie NASCAR PEAK de M\u00e9xico, la Serie NASCAR K&amp;N Pro, la Serie NASCAR Truck hasta la Serie NASCAR Xfinity, Su\u00e1rez ha demostrado su talento al ganar.<\/p>\n<p>Despu\u00e9s de llegar al campeonato de la Serie Xfinity en el 2016, en una temporada de ensue\u00f1o que hizo que Su\u00e1rez se convirtiera en el primer piloto mexicano en ganar una carrera de una serie nacional de NASCAR, Su\u00e1rez pas\u00f3 a la Serie NASCAR Cup en el 2017. En dos temporadas con Joe Gibbs Racing (JGR ), Su\u00e1rez tuvo 72 arrancadas. Logr\u00f3 21 Top 10, siendo su mejor resultado el segundo puesto el 29 de julio de 2018 en Pocono (Pa.) Raceway, una carrera en la que Su\u00e1rez lider\u00f3 luego de asegurar la primera pole de su carrera en la NASCAR Cup el d\u00eda anterior.<\/p>\n<p>Pero Su\u00e1rez est\u00e1 acostumbrado a ganar, y \u00e9l siempre ha logrado \u00e9xitos para avanzar en su carrera.<\/p>\n<p>Antes de llegar a la cima de las carreras de autos stock, la carrera de automovilismo de Su\u00e1rez comenz\u00f3 en su M\u00e9xico natal en el 2003. Su primera incursi\u00f3n en el deporte motor se produjo a trav\u00e9s de un conocido de la familia, cuyo hijo estaba en karting. Su\u00e1rez se aventur\u00f3 a salir a la pista con la familia por diversi\u00f3n, pero de inmediato le pic\u00f3 el bicho de las carreras. En los siguientes a\u00f1os, Su\u00e1rez se dedic\u00f3 al karting. Se convirti\u00f3 en campe\u00f3n nacional de karting mexicano dos veces (2004 y 2008) y se gan\u00f3 un lugar para competir en el evento de karting Rotax MAX Challenge Grand Finals dos veces: 2004 en Espa\u00f1a y 2008 en Italia.<\/p>\n<p>Su\u00e1rez complement\u00f3 su karting en 2008 con un calendario completo de carreras de mini-stock, una serie oficial de desarrollo de NASCAR PEAK M\u00e9xico con autos de cuatro cilindros. Termin\u00f3 la temporada con la mayor cantidad de victorias y regres\u00f3 a tiempo parcial en 2009 cuando alcanz\u00f3 el siguiente pelda\u00f1o en la escalera del automovilismo.<\/p>\n<p>Su\u00e1rez debut\u00f3 en NASCAR PEAK Mexico Series el 6 de septiembre de 2009 en el Aut\u00f3dromo Miguel E. Abed en Amozoc, M\u00e9xico. Finaliz\u00f3 14\u00ba en la primera de sus cuatro carreras de ese a\u00f1o, antes de embarcarse en una temporada de tiempo completo en 2010. Con cinco resultados top 10 destacados por el mejor resultado de quinto el 22 de agosto en el Aut\u00f3dromo de Monterrey, Su\u00e1rez gan\u00f3 el Novato del a\u00f1o en el 2010.<\/p>\n<p>La segunda temporada de Su\u00e1rez en NASCAR PEAK M\u00e9xico Series obtuvo tres poles y un noveno puesto en la clasificaci\u00f3n del 2011 gracias a tres top 5 y siete top 10. M\u00e1s all\u00e1 de esas estad\u00edsticas, 2011 result\u00f3 ser fundamental para Su\u00e1rez, ya que corri\u00f3 por primera vez en suelo estadounidense.<\/p>\n<p>El 29 de enero de 2011, Su\u00e1rez compiti\u00f3 en el Toyota All-Star Showdown en Irwindale (Calif.) Speedway, clasific\u00f3 en el 12\u00b0 lugar y termin\u00f3 11\u00b0 en el pelot\u00f3n de 40 autos. A esto le sigui\u00f3 un calendario parcial de NASCAR K&amp;N Pro Series East y West, con Su\u00e1rez corriendo un total de nueve carreras obteniendo su mejor resultado de quinto en Columbus (Ohio) Motor Speedway.<\/p>\n<p>El primer viaje de Su\u00e1rez a los Estados Unidos lleg\u00f3 a principios de enero del 2011, cuando parti\u00f3 del clima c\u00e1lido de M\u00e9xico hacia el fr\u00edo de Buffalo, Nueva York. Viv\u00eda con Troy Williams, propietario de un equipo en la Serie K&amp;N Pro de NASCAR quien fue mentor de Su\u00e1rez. Pero despu\u00e9s de experimentar los helados meses de invierno en Buffalo, Su\u00e1rez regres\u00f3 a su pa\u00eds de origen cuando las finanzas no le permitieron completar la temporada.<\/p>\n<p>Despu\u00e9s de regresar a M\u00e9xico, Su\u00e1rez se enfoc\u00f3 en un regreso a los EE. UU., Pero esta vez en la capital del automovilismo, Charlotte, Carolina del Norte. Nuevamente se dirigi\u00f3 al norte en busca de su pr\u00f3xima oportunidad de carreras, pero mantuvo su participaci\u00f3n en la Serie NASCAR PEAK M\u00e9xico. Fue tiempo bien invertido.<\/p>\n<p>Entre el 2012 al 2014, Su\u00e1rez gan\u00f3 10 carreras en la Serie NASCAR PEAK M\u00e9xico, que incluy\u00f3 una serie de cinco victorias en 15 arrancadas durante su \u00faltima temporada. Esas victorias reforzaron la presencia de Su\u00e1rez en la Serie K&amp;N Pro de NASCAR mientras continuaba su viaje al pa\u00eds del norte para competir en la divisi\u00f3n de desarrollo de NASCAR.<\/p>\n<p>Su\u00e1rez compiti\u00f3 en un calendario parcial de NASCAR K&amp;N Pro Series East y West en el 2012, participando en un total de 10 carreras con un tercer lugar como su mejor resultado en la carrera Pro Series West del 3 de marzo en el ISM Raceway cerca de Phoenix. La persistencia de Su\u00e1rez dio sus frutos en 2013 cuando fue seleccionado para participar en el programa Drive for Diversity de NASCAR. Su talento le vali\u00f3 una carrera K&amp;N Pro Series East con Rev Racing. En la s\u00e9ptima carrera, Su\u00e1rez obtuvo un segundo puesto en Langley (Virginia) Speedway. Luego, en seis de las \u00faltimas ocho carreras de la serie, termin\u00f3 tercero o mejor, incluida su primera victoria en el Columbus Motor Speedway. Termin\u00f3 el a\u00f1o con un s\u00f3lido tercer puesto en la clasificaci\u00f3n del campeonato.<\/p>\n<p>Su\u00e1rez abri\u00f3 la temporada 2014 con dos victorias Pro Series East: el 16 de febrero en New Smyrna (Fla.) Speedway y dos d\u00edas m\u00e1s tarde en Battle at the Beach, un \u00f3valo temporal junto a una de las rectas de Daytona (Fla.) International Speedway. La victoria de Su\u00e1rez en la batalla en la playa, donde lider\u00f3 119 de las 150 vueltas de la carrera, llam\u00f3 la atenci\u00f3n de JGR. Le vali\u00f3 a Su\u00e1rez un contrato con el equipo de NASCAR.<\/p>\n<p>La carrera de Su\u00e1rez despeg\u00f3 en el 2014. Ya con un calendario completo de carreras de la serie NASCAR PEAK M\u00e9xico, se traslad\u00f3 a los estados unidos y compiti\u00f3 en 13 carreras Pro Series East. Su\u00e1rez tambi\u00e9n hizo su debut en la Serie Xfinity el 25 de abril en Richmond (Virginia) Raceway, finalizando 19\u00ba compitiendo para JGR. Su debut en ARCA se produjo el 19 de septiembre en el Kentucky Speedway en Sparta, donde Su\u00e1rez termin\u00f3 quinto despu\u00e9s de liderar dos veces para un total de 39 vueltas. El 13 de octubre en Talladega (Ala.) Superspeedway, Su\u00e1rez hizo su debut en NASCAR Truck Series, terminando en un respetable 15\u00ba.<\/p>\n<p>Estos logros llevaron a una temporada completa en la serie Xfinity con JGR en el 2015. Tres poles, ocho top 5 y 18 top 10, con un total de 83 vueltas como l\u00edder, permitieron a Su\u00e1rez terminar quinto en la clasificaci\u00f3n del campeonato y ganar el T\u00edtulo de Novato del A\u00f1o.<\/p>\n<p>Su\u00e1rez cumpli\u00f3 con la promesa de esa gran temporada 2015 con un campeonato en el 2016. Gan\u00f3 su primera carrera en la Serie Xfinity el 11 de junio en el Michigan International Speedway en Brooklyn, convirti\u00e9ndose en el primer piloto mexicano en ganar una carrera de una serie nacional de NASCAR. Logr\u00f3 otra victoria en octubre en Dover (Del.) International Speedway antes de ganar su campeonato con una victoria decisiva en el final de temporada en Homestead-Miami Speedway, liderando siete veces con un total de 133 vueltas en primer lugar. Adem\u00e1s de esas victorias logr\u00f3 tres poles, 19 top 5 y 27 top 10 con un total de 347 vueltas lideradas.<\/p>\n<p>En el 2016, Su\u00e1rez tambi\u00e9n consigui\u00f3 una victoria fuera de la Serie Xfinity. Gan\u00f3 su primera carrera en la Serie de Camionetas el 11 de noviembre en Phoenix como parte de un calendario de 13 carreras con Kyle Busch Motorsports, donde Su\u00e1rez obtuvo tres top 5 y seis top 10 con 219 vueltas lideradas.<\/p>\n<p>Cuando Su\u00e1rez no est\u00e1 al volante de un carro de carreras, a menudo se le encuentra en bicicleta cerca de su casa en Huntersville, Carolina del Norte, o en las pistas de carreras durante la temporada. Su\u00e1rez,\u00a0 tambi\u00e9n mantiene una dieta saludable y le gusta hacer ejercicio y restaurar autos cl\u00e1sicos.<\/p>\n","protected":false},"excerpt":{"rendered":"<p>Donde sea que Daniel Su\u00e1rez ha participado para llegar a competir en la m\u00e1xima categor\u00eda de NASCAR, Monster Energy Cup, el piloto de Monterrey, Nuevo Le\u00f3n, M\u00e9xico ha ganado. Desde los karts, la Serie NASCAR PEAK de M\u00e9xico, la Serie NASCAR K&amp;N Pro, la Serie NASCAR Truck hasta la Serie NASCAR Xfinity, Su\u00e1rez ha demostrado [&hellip;]<\/p>\n","protected":false},"author":1,"featured_media":31668,"parent":0,"menu_order":0,"comment_status":"closed","ping_status":"closed","template":"page-about.php","meta":{"_acf_changed":false,"footnotes":""},"class_list":["post-312","page","type-page","status-publish","has-post-thumbnail","hentry"],"acf":[],"yoast_head":"<!-- This site is optimized with the Yoast SEO plugin v26.5 - https:\/\/yoast.com\/wordpress\/plugins\/seo\/ -->\n<title>DANIEL SU\u00c1REZ: Piloto - Daniel Su\u00e1rez<\/title>\n<meta name=\"robots\" content=\"index, follow, max-snippet:-1, max-image-preview:large, max-video-preview:-1\" \/>\n<link rel=\"canonical\" href=\"https:\/\/www.danielsuarezracing.com\/es\/sobre-daniel\/\" \/>\n<meta property=\"og:locale\" content=\"es_ES\" \/>\n<meta property=\"og:type\" content=\"article\" \/>\n<meta property=\"og:title\" content=\"DANIEL SU\u00c1REZ: Piloto - Daniel Su\u00e1rez\" \/>\n<meta property=\"og:description\" content=\"Donde sea que Daniel Su\u00e1rez ha participado para llegar a competir en la m\u00e1xima categor\u00eda de NASCAR, Monster Energy Cup, el piloto de Monterrey, Nuevo Le\u00f3n, M\u00e9xico ha ganado. Desde los karts, la Serie NASCAR PEAK de M\u00e9xico, la Serie NASCAR K&amp;N Pro, la Serie NASCAR Truck hasta la Serie NASCAR Xfinity, Su\u00e1rez ha demostrado [&hellip;]\" \/>\n<meta property=\"og:url\" content=\"https:\/\/www.danielsuarezracing.com\/es\/sobre-daniel\/\" \/>\n<meta property=\"og:site_name\" content=\"Daniel Su\u00e1rez\" \/>\n<meta property=\"article:modified_time\" content=\"2026-01-27T15:28:02+00:00\" \/>\n<meta property=\"og:image\" content=\"https:\/\/www.danielsuarezracing.com\/wp-content\/uploads\/2022\/06\/Bio_pic_1238x366.jpeg\" \/>\n\t<meta property=\"og:image:width\" content=\"1238\" \/>\n\t<meta property=\"og:image:height\" content=\"366\" \/>\n\t<meta property=\"og:image:type\" content=\"image\/jpeg\" \/>\n<meta name=\"twitter:card\" content=\"summary_large_image\" \/>\n<meta name=\"twitter:label1\" content=\"Est. reading time\" \/>\n\t<meta name=\"twitter:data1\" content=\"7 minutes\" \/>\n<script type=\"application\/ld+json\" class=\"yoast-schema-graph\">{\"@context\":\"https:\/\/schema.org\",\"@graph\":[{\"@type\":\"WebPage\",\"@id\":\"https:\/\/www.danielsuarezracing.com\/es\/sobre-daniel\/\",\"url\":\"https:\/\/www.danielsuarezracing.com\/es\/sobre-daniel\/\",\"name\":\"DANIEL SU\u00c1REZ: Piloto - Daniel Su\u00e1rez\",\"isPartOf\":{\"@id\":\"https:\/\/danielsuarezracing.com\/#website\"},\"primaryImageOfPage\":{\"@id\":\"https:\/\/www.danielsuarezracing.com\/es\/sobre-daniel\/#primaryimage\"},\"image\":{\"@id\":\"https:\/\/www.danielsuarezracing.com\/es\/sobre-daniel\/#primaryimage\"},\"thumbnailUrl\":\"https:\/\/danielsuarezracing.com\/wp-content\/uploads\/2022\/06\/Bio_pic_1238x366.jpeg\",\"datePublished\":\"2019-02-12T21:24:16+00:00\",\"dateModified\":\"2026-01-27T15:28:02+00:00\",\"breadcrumb\":{\"@id\":\"https:\/\/www.danielsuarezracing.com\/es\/sobre-daniel\/#breadcrumb\"},\"inLanguage\":\"es-ES\",\"potentialAction\":[{\"@type\":\"ReadAction\",\"target\":[\"https:\/\/www.danielsuarezracing.com\/es\/sobre-daniel\/\"]}]},{\"@type\":\"ImageObject\",\"inLanguage\":\"es-ES\",\"@id\":\"https:\/\/www.danielsuarezracing.com\/es\/sobre-daniel\/#primaryimage\",\"url\":\"https:\/\/danielsuarezracing.com\/wp-content\/uploads\/2022\/06\/Bio_pic_1238x366.jpeg\",\"contentUrl\":\"https:\/\/danielsuarezracing.com\/wp-content\/uploads\/2022\/06\/Bio_pic_1238x366.jpeg\",\"width\":1238,\"height\":366,\"caption\":\"#99: Daniel Su\u00e1rez, TrackHouse Racing, Freeway Insurance Chevrolet Camaro\"},{\"@type\":\"BreadcrumbList\",\"@id\":\"https:\/\/www.danielsuarezracing.com\/es\/sobre-daniel\/#breadcrumb\",\"itemListElement\":[{\"@type\":\"ListItem\",\"position\":1,\"name\":\"Home\",\"item\":\"https:\/\/danielsuarezracing.com\/es\/\"},{\"@type\":\"ListItem\",\"position\":2,\"name\":\"DANIEL SU\u00c1REZ: Piloto\"}]},{\"@type\":\"WebSite\",\"@id\":\"https:\/\/danielsuarezracing.com\/#website\",\"url\":\"https:\/\/danielsuarezracing.com\/\",\"name\":\"Daniel Su\u00e1rez\",\"description\":\"\",\"potentialAction\":[{\"@type\":\"SearchAction\",\"target\":{\"@type\":\"EntryPoint\",\"urlTemplate\":\"https:\/\/danielsuarezracing.com\/?s={search_term_string}\"},\"query-input\":{\"@type\":\"PropertyValueSpecification\",\"valueRequired\":true,\"valueName\":\"search_term_string\"}}],\"inLanguage\":\"es-ES\"}]}<\/script>\n<!-- \/ Yoast SEO plugin. -->","yoast_head_json":{"title":"DANIEL SU\u00c1REZ: Piloto - Daniel Su\u00e1rez","robots":{"index":"index","follow":"follow","max-snippet":"max-snippet:-1","max-image-preview":"max-image-preview:large","max-video-preview":"max-video-preview:-1"},"canonical":"https:\/\/www.danielsuarezracing.com\/es\/sobre-daniel\/","og_locale":"es_ES","og_type":"article","og_title":"DANIEL SU\u00c1REZ: Piloto - Daniel Su\u00e1rez","og_description":"Donde sea que Daniel Su\u00e1rez ha participado para llegar a competir en la m\u00e1xima categor\u00eda de NASCAR, Monster Energy Cup, el piloto de Monterrey, Nuevo Le\u00f3n, M\u00e9xico ha ganado. Desde los karts, la Serie NASCAR PEAK de M\u00e9xico, la Serie NASCAR K&amp;N Pro, la Serie NASCAR Truck hasta la Serie NASCAR Xfinity, Su\u00e1rez ha demostrado [&hellip;]","og_url":"https:\/\/www.danielsuarezracing.com\/es\/sobre-daniel\/","og_site_name":"Daniel Su\u00e1rez","article_modified_time":"2026-01-27T15:28:02+00:00","og_image":[{"width":1238,"height":366,"url":"https:\/\/www.danielsuarezracing.com\/wp-content\/uploads\/2022\/06\/Bio_pic_1238x366.jpeg","type":"image\/jpeg"}],"twitter_card":"summary_large_image","twitter_misc":{"Est. reading time":"7 minutes"},"schema":{"@context":"https:\/\/schema.org","@graph":[{"@type":"WebPage","@id":"https:\/\/www.danielsuarezracing.com\/es\/sobre-daniel\/","url":"https:\/\/www.danielsuarezracing.com\/es\/sobre-daniel\/","name":"DANIEL SU\u00c1REZ: Piloto - Daniel Su\u00e1rez","isPartOf":{"@id":"https:\/\/danielsuarezracing.com\/#website"},"primaryImageOfPage":{"@id":"https:\/\/www.danielsuarezracing.com\/es\/sobre-daniel\/#primaryimage"},"image":{"@id":"https:\/\/www.danielsuarezracing.com\/es\/sobre-daniel\/#primaryimage"},"thumbnailUrl":"https:\/\/danielsuarezracing.com\/wp-content\/uploads\/2022\/06\/Bio_pic_1238x366.jpeg","datePublished":"2019-02-12T21:24:16+00:00","dateModified":"2026-01-27T15:28:02+00:00","breadcrumb":{"@id":"https:\/\/www.danielsuarezracing.com\/es\/sobre-daniel\/#breadcrumb"},"inLanguage":"es-ES","potentialAction":[{"@type":"ReadAction","target":["https:\/\/www.danielsuarezracing.com\/es\/sobre-daniel\/"]}]},{"@type":"ImageObject","inLanguage":"es-ES","@id":"https:\/\/www.danielsuarezracing.com\/es\/sobre-daniel\/#primaryimage","url":"https:\/\/danielsuarezracing.com\/wp-content\/uploads\/2022\/06\/Bio_pic_1238x366.jpeg","contentUrl":"https:\/\/danielsuarezracing.com\/wp-content\/uploads\/2022\/06\/Bio_pic_1238x366.jpeg","width":1238,"height":366,"caption":"#99: Daniel Su\u00e1rez, TrackHouse Racing, Freeway Insurance Chevrolet Camaro"},{"@type":"BreadcrumbList","@id":"https:\/\/www.danielsuarezracing.com\/es\/sobre-daniel\/#breadcrumb","itemListElement":[{"@type":"ListItem","position":1,"name":"Home","item":"https:\/\/danielsuarezracing.com\/es\/"},{"@type":"ListItem","position":2,"name":"DANIEL SU\u00c1REZ: Piloto"}]},{"@type":"WebSite","@id":"https:\/\/danielsuarezracing.com\/#website","url":"https:\/\/danielsuarezracing.com\/","name":"Daniel Su\u00e1rez","description":"","potentialAction":[{"@type":"SearchAction","target":{"@type":"EntryPoint","urlTemplate":"https:\/\/danielsuarezracing.com\/?s={search_term_string}"},"query-input":{"@type":"PropertyValueSpecification","valueRequired":true,"valueName":"search_term_string"}}],"inLanguage":"es-ES"}]}},"_links":{"self":[{"href":"https:\/\/danielsuarezracing.com\/es\/wp-json\/wp\/v2\/pages\/312","targetHints":{"allow":["GET"]}}],"collection":[{"href":"https:\/\/danielsuarezracing.com\/es\/wp-json\/wp\/v2\/pages"}],"about":[{"href":"https:\/\/danielsuarezracing.com\/es\/wp-json\/wp\/v2\/types\/page"}],"author":[{"embeddable":true,"href":"https:\/\/danielsuarezracing.com\/es\/wp-json\/wp\/v2\/users\/1"}],"replies":[{"embeddable":true,"href":"https:\/\/danielsuarezracing.com\/es\/wp-json\/wp\/v2\/comments?post=312"}],"version-history":[{"count":6,"href":"https:\/\/danielsuarezracing.com\/es\/wp-json\/wp\/v2\/pages\/312\/revisions"}],"predecessor-version":[{"id":41260,"href":"https:\/\/danielsuarezracing.com\/es\/wp-json\/wp\/v2\/pages\/312\/revisions\/41260"}],"wp:featuredmedia":[{"embeddable":true,"href":"https:\/\/danielsuarezracing.com\/es\/wp-json\/wp\/v2\/media\/31668"}],"wp:attachment":[{"href":"https:\/\/danielsuarezracing.com\/es\/wp-json\/wp\/v2\/media?parent=312"}],"curies":[{"name":"wp","href":"https:\/\/api.w.org\/{rel}","templated":true}]}}