{"id":3333,"date":"2019-06-13T19:37:21","date_gmt":"2019-06-13T19:37:21","guid":{"rendered":"http:\/\/danielsuarezracing.com\/?page_id=3333"},"modified":"2019-06-13T20:34:29","modified_gmt":"2019-06-13T20:34:29","slug":"sorteo-daniels-amigos","status":"publish","type":"page","link":"https:\/\/danielsuarezracing.com\/es\/sorteo-daniels-amigos\/","title":{"rendered":"Podr\u00edas G\u00e1nate Un Fan Bag Exclusivo De Daniel&#8217;s Amigos"},"content":{"rendered":"<h3>Ingresa para tener la oportunidad de ganar un paquete de art\u00edculos esenciales para cualquier fan\u00e1tico. Simplemente reg\u00edstrate para ser parte de Daniel&#8217;s Amigos llenando el siguiente formulario y sigue a @Daniel_Suarezg en Instagram.<\/h3>\n<p>Haz click <a href=\"https:\/\/danielsuarezracing.com\/daniel-suarez-swag-promotion-rules\/\">aqu\u00ed<\/a> para ver m\u00e1s detalles.<\/p>\n<p>&nbsp;<\/p>\n<p>&nbsp;<\/p>\n","protected":false},"excerpt":{"rendered":"<p>Ingresa para tener la oportunidad de ganar un paquete de art\u00edculos esenciales para cualquier fan\u00e1tico. Simplemente reg\u00edstrate para ser parte de Daniel&#8217;s Amigos llenando el siguiente formulario y sigue a @Daniel_Suarezg en Instagram. Haz click aqu\u00ed para ver m\u00e1s detalles. &nbsp; &nbsp;<\/p>\n","protected":false},"author":4,"featured_media":3441,"parent":0,"menu_order":0,"comment_status":"closed","ping_status":"closed","template":"","meta":{"_acf_changed":false,"footnotes":""},"class_list":["post-3333","page","type-page","status-publish","has-post-thumbnail","hentry"],"acf":[],"yoast_head":"<!-- This site is optimized with the Yoast SEO plugin v26.5 - https:\/\/yoast.com\/wordpress\/plugins\/seo\/ -->\n<title>Podr\u00edas G\u00e1nate Un Fan Bag Exclusivo De Daniel&#039;s Amigos - Daniel Su\u00e1rez<\/title>\n<meta name=\"robots\" content=\"index, follow, max-snippet:-1, max-image-preview:large, max-video-preview:-1\" \/>\n<link rel=\"canonical\" href=\"https:\/\/danielsuarezracing.com\/es\/sorteo-daniels-amigos\/\" \/>\n<meta property=\"og:locale\" content=\"es_ES\" \/>\n<meta property=\"og:type\" content=\"article\" \/>\n<meta property=\"og:title\" content=\"Podr\u00edas G\u00e1nate Un Fan Bag Exclusivo De Daniel&#039;s Amigos - Daniel Su\u00e1rez\" \/>\n<meta property=\"og:description\" content=\"Ingresa para tener la oportunidad de ganar un paquete de art\u00edculos esenciales para cualquier fan\u00e1tico. Simplemente reg\u00edstrate para ser parte de Daniel&#8217;s Amigos llenando el siguiente formulario y sigue a @Daniel_Suarezg en Instagram. Haz click aqu\u00ed para ver m\u00e1s detalles. &nbsp; &nbsp;\" \/>\n<meta property=\"og:url\" content=\"https:\/\/danielsuarezracing.com\/es\/sorteo-daniels-amigos\/\" \/>\n<meta property=\"og:site_name\" content=\"Daniel Su\u00e1rez\" \/>\n<meta property=\"article:modified_time\" content=\"2019-06-13T20:34:29+00:00\" \/>\n<meta property=\"og:image\" content=\"https:\/\/danielsuarezracing.com\/wp-content\/uploads\/2019\/06\/DS_Blogbanner_desk_2476x732-2.jpg\" \/>\n\t<meta property=\"og:image:width\" content=\"2476\" \/>\n\t<meta property=\"og:image:height\" content=\"732\" \/>\n\t<meta property=\"og:image:type\" content=\"image\/jpeg\" \/>\n<meta name=\"twitter:card\" content=\"summary_large_image\" \/>\n<script type=\"application\/ld+json\" class=\"yoast-schema-graph\">{\"@context\":\"https:\/\/schema.org\",\"@graph\":[{\"@type\":\"WebPage\",\"@id\":\"https:\/\/danielsuarezracing.com\/es\/sorteo-daniels-amigos\/\",\"url\":\"https:\/\/danielsuarezracing.com\/es\/sorteo-daniels-amigos\/\",\"name\":\"Podr\u00edas G\u00e1nate Un Fan Bag Exclusivo De Daniel's Amigos - Daniel Su\u00e1rez\",\"isPartOf\":{\"@id\":\"https:\/\/danielsuarezracing.com\/#website\"},\"primaryImageOfPage\":{\"@id\":\"https:\/\/danielsuarezracing.com\/es\/sorteo-daniels-amigos\/#primaryimage\"},\"image\":{\"@id\":\"https:\/\/danielsuarezracing.com\/es\/sorteo-daniels-amigos\/#primaryimage\"},\"thumbnailUrl\":\"https:\/\/danielsuarezracing.com\/wp-content\/uploads\/2019\/06\/DS_Blogbanner_desk_2476x732-2.jpg\",\"datePublished\":\"2019-06-13T19:37:21+00:00\",\"dateModified\":\"2019-06-13T20:34:29+00:00\",\"breadcrumb\":{\"@id\":\"https:\/\/danielsuarezracing.com\/es\/sorteo-daniels-amigos\/#breadcrumb\"},\"inLanguage\":\"es-ES\",\"potentialAction\":[{\"@type\":\"ReadAction\",\"target\":[\"https:\/\/danielsuarezracing.com\/es\/sorteo-daniels-amigos\/\"]}]},{\"@type\":\"ImageObject\",\"inLanguage\":\"es-ES\",\"@id\":\"https:\/\/danielsuarezracing.com\/es\/sorteo-daniels-amigos\/#primaryimage\",\"url\":\"https:\/\/danielsuarezracing.com\/wp-content\/uploads\/2019\/06\/DS_Blogbanner_desk_2476x732-2.jpg\",\"contentUrl\":\"https:\/\/danielsuarezracing.com\/wp-content\/uploads\/2019\/06\/DS_Blogbanner_desk_2476x732-2.jpg\",\"width\":2476,\"height\":732},{\"@type\":\"BreadcrumbList\",\"@id\":\"https:\/\/danielsuarezracing.com\/es\/sorteo-daniels-amigos\/#breadcrumb\",\"itemListElement\":[{\"@type\":\"ListItem\",\"position\":1,\"name\":\"Home\",\"item\":\"https:\/\/danielsuarezracing.com\/es\/\"},{\"@type\":\"ListItem\",\"position\":2,\"name\":\"Podr\u00edas G\u00e1nate Un Fan Bag Exclusivo De Daniel&#8217;s Amigos\"}]},{\"@type\":\"WebSite\",\"@id\":\"https:\/\/danielsuarezracing.com\/#website\",\"url\":\"https:\/\/danielsuarezracing.com\/\",\"name\":\"Daniel Su\u00e1rez\",\"description\":\"\",\"potentialAction\":[{\"@type\":\"SearchAction\",\"target\":{\"@type\":\"EntryPoint\",\"urlTemplate\":\"https:\/\/danielsuarezracing.com\/?s={search_term_string}\"},\"query-input\":{\"@type\":\"PropertyValueSpecification\",\"valueRequired\":true,\"valueName\":\"search_term_string\"}}],\"inLanguage\":\"es-ES\"}]}<\/script>\n<!-- \/ Yoast SEO plugin. -->","yoast_head_json":{"title":"Podr\u00edas G\u00e1nate Un Fan Bag Exclusivo De Daniel's Amigos - Daniel Su\u00e1rez","robots":{"index":"index","follow":"follow","max-snippet":"max-snippet:-1","max-image-preview":"max-image-preview:large","max-video-preview":"max-video-preview:-1"},"canonical":"https:\/\/danielsuarezracing.com\/es\/sorteo-daniels-amigos\/","og_locale":"es_ES","og_type":"article","og_title":"Podr\u00edas G\u00e1nate Un Fan Bag Exclusivo De Daniel's Amigos - Daniel Su\u00e1rez","og_description":"Ingresa para tener la oportunidad de ganar un paquete de art\u00edculos esenciales para cualquier fan\u00e1tico. Simplemente reg\u00edstrate para ser parte de Daniel&#8217;s Amigos llenando el siguiente formulario y sigue a @Daniel_Suarezg en Instagram. Haz click aqu\u00ed para ver m\u00e1s detalles. &nbsp; &nbsp;","og_url":"https:\/\/danielsuarezracing.com\/es\/sorteo-daniels-amigos\/","og_site_name":"Daniel Su\u00e1rez","article_modified_time":"2019-06-13T20:34:29+00:00","og_image":[{"width":2476,"height":732,"url":"https:\/\/danielsuarezracing.com\/wp-content\/uploads\/2019\/06\/DS_Blogbanner_desk_2476x732-2.jpg","type":"image\/jpeg"}],"twitter_card":"summary_large_image","schema":{"@context":"https:\/\/schema.org","@graph":[{"@type":"WebPage","@id":"https:\/\/danielsuarezracing.com\/es\/sorteo-daniels-amigos\/","url":"https:\/\/danielsuarezracing.com\/es\/sorteo-daniels-amigos\/","name":"Podr\u00edas G\u00e1nate Un Fan Bag Exclusivo De Daniel's Amigos - Daniel Su\u00e1rez","isPartOf":{"@id":"https:\/\/danielsuarezracing.com\/#website"},"primaryImageOfPage":{"@id":"https:\/\/danielsuarezracing.com\/es\/sorteo-daniels-amigos\/#primaryimage"},"image":{"@id":"https:\/\/danielsuarezracing.com\/es\/sorteo-daniels-amigos\/#primaryimage"},"thumbnailUrl":"https:\/\/danielsuarezracing.com\/wp-content\/uploads\/2019\/06\/DS_Blogbanner_desk_2476x732-2.jpg","datePublished":"2019-06-13T19:37:21+00:00","dateModified":"2019-06-13T20:34:29+00:00","breadcrumb":{"@id":"https:\/\/danielsuarezracing.com\/es\/sorteo-daniels-amigos\/#breadcrumb"},"inLanguage":"es-ES","potentialAction":[{"@type":"ReadAction","target":["https:\/\/danielsuarezracing.com\/es\/sorteo-daniels-amigos\/"]}]},{"@type":"ImageObject","inLanguage":"es-ES","@id":"https:\/\/danielsuarezracing.com\/es\/sorteo-daniels-amigos\/#primaryimage","url":"https:\/\/danielsuarezracing.com\/wp-content\/uploads\/2019\/06\/DS_Blogbanner_desk_2476x732-2.jpg","contentUrl":"https:\/\/danielsuarezracing.com\/wp-content\/uploads\/2019\/06\/DS_Blogbanner_desk_2476x732-2.jpg","width":2476,"height":732},{"@type":"BreadcrumbList","@id":"https:\/\/danielsuarezracing.com\/es\/sorteo-daniels-amigos\/#breadcrumb","itemListElement":[{"@type":"ListItem","position":1,"name":"Home","item":"https:\/\/danielsuarezracing.com\/es\/"},{"@type":"ListItem","position":2,"name":"Podr\u00edas G\u00e1nate Un Fan Bag Exclusivo De Daniel&#8217;s Amigos"}]},{"@type":"WebSite","@id":"https:\/\/danielsuarezracing.com\/#website","url":"https:\/\/danielsuarezracing.com\/","name":"Daniel Su\u00e1rez","description":"","potentialAction":[{"@type":"SearchAction","target":{"@type":"EntryPoint","urlTemplate":"https:\/\/danielsuarezracing.com\/?s={search_term_string}"},"query-input":{"@type":"PropertyValueSpecification","valueRequired":true,"valueName":"search_term_string"}}],"inLanguage":"es-ES"}]}},"_links":{"self":[{"href":"https:\/\/danielsuarezracing.com\/es\/wp-json\/wp\/v2\/pages\/3333","targetHints":{"allow":["GET"]}}],"collection":[{"href":"https:\/\/danielsuarezracing.com\/es\/wp-json\/wp\/v2\/pages"}],"about":[{"href":"https:\/\/danielsuarezracing.com\/es\/wp-json\/wp\/v2\/types\/page"}],"author":[{"embeddable":true,"href":"https:\/\/danielsuarezracing.com\/es\/wp-json\/wp\/v2\/users\/4"}],"replies":[{"embeddable":true,"href":"https:\/\/danielsuarezracing.com\/es\/wp-json\/wp\/v2\/comments?post=3333"}],"version-history":[{"count":1,"href":"https:\/\/danielsuarezracing.com\/es\/wp-json\/wp\/v2\/pages\/3333\/revisions"}],"predecessor-version":[{"id":3439,"href":"https:\/\/danielsuarezracing.com\/es\/wp-json\/wp\/v2\/pages\/3333\/revisions\/3439"}],"wp:featuredmedia":[{"embeddable":true,"href":"https:\/\/danielsuarezracing.com\/es\/wp-json\/wp\/v2\/media\/3441"}],"wp:attachment":[{"href":"https:\/\/danielsuarezracing.com\/es\/wp-json\/wp\/v2\/media?parent=3333"}],"curies":[{"name":"wp","href":"https:\/\/api.w.org\/{rel}","templated":true}]}}