{"id":8452,"date":"2020-02-25T11:11:17","date_gmt":"2020-02-25T11:11:17","guid":{"rendered":"http:\/\/danielsuarezracing.com\/?page_id=8452"},"modified":"2020-03-06T20:29:03","modified_gmt":"2020-03-06T20:29:03","slug":"kobe","status":"publish","type":"page","link":"https:\/\/danielsuarezracing.com\/es\/kobe\/","title":{"rendered":"Homenaje a Kobe Bryant"},"content":{"rendered":"<p><em><strong>Actualizaci\u00f3n (6\/3\/2020): La subasta finaliz\u00f3 el 6 de marzo de 2020 a las 12 p.m. EST, recaudando US $ 5,256 para el fondo Mamba On Three. Gracias a todos los que contribuyeron a esta donaci\u00f3n.<\/strong><\/em><\/p>\n<p>&nbsp;<\/p>\n<p>**********<\/p>\n<p>&nbsp;<\/p>\n<p>Amigos, tengo un anuncio especial que quiero compartir con ustedes.<\/p>\n<p>&nbsp;<\/p>\n<p>Como atletas, todos nos forzamos por ser excelentes en nuestro juego. De igual importancia, es que tan buenos somos fuera de la pista, fuera de la cancha, fuera del campo.<\/p>\n<p>No puedo pensar en nadie que haya hecho esto mejor que Kobe Bryant. \u00c9l era, lo que nosotros como atletas, esperamos llegar a ser alg\u00fan d\u00eda.<\/p>\n<p>Una de las cualidades que m\u00e1s admiraba de \u00e9l era su compromiso inquebrantable con su equipo y su legado de unir a los fan\u00e1ticos de todas las razas y or\u00edgenes (incluyendo a las comunidades afroamericanas e hispanas) a trav\u00e9s de su amor por el deporte.<\/p>\n<p>&nbsp;<\/p>\n<p>Es mi gran honor usar estos guantes y zapatos este fin de semana en California, como homenaje a Kobe, Gianna y las otras siete v\u00edctimas del tr\u00e1gico accidente del helic\u00f3ptero, John Altobelli, Keri Altobelli, Alyssa Altobelli, Christina Mauser, Ara Zobayan, Sarah Chester y Payton Chester.<\/p>\n<p>&nbsp;<\/p>\n<p>Los zapatos y guantes ser\u00e1n firmados y se subastar\u00e1n (enlace a continuaci\u00f3n) y el 100% de los ingresos beneficiar\u00e1 a la\u00a0<a href=\"https:\/\/mambaonthree.org\/\">Fundaci\u00f3n MambaOnThree<\/a> (creada amablemente por Vanessa Bryant para apoyar a las familias de las v\u00edctimas del accidente). Se garantizar\u00e1 una donaci\u00f3n m\u00ednima de $5,000. La subasta termina el 6 de marzo a las 12pm EST.<\/p>\n<p>&nbsp;<\/p>\n<p>Un gran agradecimiento a Alpinestars (@alpinestars) por los guantes, a Salvador Amezcua (@kickstradomis) por crear este hermoso dise\u00f1o y a todos los que ayudaron a hacer realidad este gran homenaje.<\/p>\n<p>&nbsp;<\/p>\n<p>Sobre todo, gracias Kobe por darnos la inspiraci\u00f3n para ser personas m\u00e1s disciplinadas, m\u00e1s comprometidas y mejores individuos. \u00a1Esto es para ti!<\/p>\n<p>&nbsp;<\/p>\n<p><span style=\"color: #ff0000;\"><a style=\"color: #ff0000;\" href=\"https:\/\/www.ebay.com\/itm\/Used-Signed-Daniel-Suarez-NASCAR-Racing-Gloves-Shoes-Kobe-Bryant-Tribute\/264647113293\" target=\"_blank\" rel=\"noopener noreferrer\">***SUBASTA FINALIZADA***<\/a><\/span><\/p>\n","protected":false},"excerpt":{"rendered":"<p>Actualizaci\u00f3n (6\/3\/2020): La subasta finaliz\u00f3 el 6 de marzo de 2020 a las 12 p.m. EST, recaudando US $ 5,256 para el fondo Mamba On Three. Gracias a todos los que contribuyeron a esta donaci\u00f3n. &nbsp; ********** &nbsp; Amigos, tengo un anuncio especial que quiero compartir con ustedes. &nbsp; Como atletas, todos nos forzamos por [&hellip;]<\/p>\n","protected":false},"author":6,"featured_media":8448,"parent":0,"menu_order":0,"comment_status":"closed","ping_status":"closed","template":"","meta":{"_acf_changed":false,"footnotes":""},"class_list":["post-8452","page","type-page","status-publish","has-post-thumbnail","hentry"],"acf":[],"yoast_head":"<!-- This site is optimized with the Yoast SEO plugin v26.5 - https:\/\/yoast.com\/wordpress\/plugins\/seo\/ -->\n<title>Homenaje a Kobe Bryant - Daniel Su\u00e1rez<\/title>\n<meta name=\"robots\" content=\"index, follow, max-snippet:-1, max-image-preview:large, max-video-preview:-1\" \/>\n<link rel=\"canonical\" href=\"http:\/\/live-danielsuarezracing.pantheonsite.io\/kobe\/\" \/>\n<meta property=\"og:locale\" content=\"es_ES\" \/>\n<meta property=\"og:type\" content=\"article\" \/>\n<meta property=\"og:title\" content=\"Homenaje a Kobe Bryant - Daniel Su\u00e1rez\" \/>\n<meta property=\"og:description\" content=\"Actualizaci\u00f3n (6\/3\/2020): La subasta finaliz\u00f3 el 6 de marzo de 2020 a las 12 p.m. EST, recaudando US $ 5,256 para el fondo Mamba On Three. Gracias a todos los que contribuyeron a esta donaci\u00f3n. &nbsp; ********** &nbsp; Amigos, tengo un anuncio especial que quiero compartir con ustedes. &nbsp; Como atletas, todos nos forzamos por [&hellip;]\" \/>\n<meta property=\"og:url\" content=\"http:\/\/live-danielsuarezracing.pantheonsite.io\/kobe\/\" \/>\n<meta property=\"og:site_name\" content=\"Daniel Su\u00e1rez\" \/>\n<meta property=\"article:modified_time\" content=\"2020-03-06T20:29:03+00:00\" \/>\n<meta property=\"og:image\" content=\"http:\/\/live-danielsuarezracing.pantheonsite.io\/wp-content\/uploads\/2020\/02\/Kobe_Tribute.jpg\" \/>\n\t<meta property=\"og:image:width\" content=\"2560\" \/>\n\t<meta property=\"og:image:height\" content=\"1326\" \/>\n\t<meta property=\"og:image:type\" content=\"image\/jpeg\" \/>\n<meta name=\"twitter:card\" content=\"summary_large_image\" \/>\n<meta name=\"twitter:label1\" content=\"Est. reading time\" \/>\n\t<meta name=\"twitter:data1\" content=\"2 minutes\" \/>\n<script type=\"application\/ld+json\" class=\"yoast-schema-graph\">{\"@context\":\"https:\/\/schema.org\",\"@graph\":[{\"@type\":\"WebPage\",\"@id\":\"http:\/\/live-danielsuarezracing.pantheonsite.io\/kobe\/\",\"url\":\"http:\/\/live-danielsuarezracing.pantheonsite.io\/kobe\/\",\"name\":\"Homenaje a Kobe Bryant - Daniel Su\u00e1rez\",\"isPartOf\":{\"@id\":\"https:\/\/danielsuarezracing.com\/#website\"},\"primaryImageOfPage\":{\"@id\":\"http:\/\/live-danielsuarezracing.pantheonsite.io\/kobe\/#primaryimage\"},\"image\":{\"@id\":\"http:\/\/live-danielsuarezracing.pantheonsite.io\/kobe\/#primaryimage\"},\"thumbnailUrl\":\"https:\/\/danielsuarezracing.com\/wp-content\/uploads\/2020\/02\/Kobe_Tribute.jpg\",\"datePublished\":\"2020-02-25T11:11:17+00:00\",\"dateModified\":\"2020-03-06T20:29:03+00:00\",\"breadcrumb\":{\"@id\":\"http:\/\/live-danielsuarezracing.pantheonsite.io\/kobe\/#breadcrumb\"},\"inLanguage\":\"es-ES\",\"potentialAction\":[{\"@type\":\"ReadAction\",\"target\":[\"http:\/\/live-danielsuarezracing.pantheonsite.io\/kobe\/\"]}]},{\"@type\":\"ImageObject\",\"inLanguage\":\"es-ES\",\"@id\":\"http:\/\/live-danielsuarezracing.pantheonsite.io\/kobe\/#primaryimage\",\"url\":\"https:\/\/danielsuarezracing.com\/wp-content\/uploads\/2020\/02\/Kobe_Tribute.jpg\",\"contentUrl\":\"https:\/\/danielsuarezracing.com\/wp-content\/uploads\/2020\/02\/Kobe_Tribute.jpg\",\"width\":2560,\"height\":1326},{\"@type\":\"BreadcrumbList\",\"@id\":\"http:\/\/live-danielsuarezracing.pantheonsite.io\/kobe\/#breadcrumb\",\"itemListElement\":[{\"@type\":\"ListItem\",\"position\":1,\"name\":\"Home\",\"item\":\"https:\/\/danielsuarezracing.com\/es\/\"},{\"@type\":\"ListItem\",\"position\":2,\"name\":\"Homenaje a Kobe Bryant\"}]},{\"@type\":\"WebSite\",\"@id\":\"https:\/\/danielsuarezracing.com\/#website\",\"url\":\"https:\/\/danielsuarezracing.com\/\",\"name\":\"Daniel Su\u00e1rez\",\"description\":\"\",\"potentialAction\":[{\"@type\":\"SearchAction\",\"target\":{\"@type\":\"EntryPoint\",\"urlTemplate\":\"https:\/\/danielsuarezracing.com\/?s={search_term_string}\"},\"query-input\":{\"@type\":\"PropertyValueSpecification\",\"valueRequired\":true,\"valueName\":\"search_term_string\"}}],\"inLanguage\":\"es-ES\"}]}<\/script>\n<!-- \/ Yoast SEO plugin. -->","yoast_head_json":{"title":"Homenaje a Kobe Bryant - Daniel Su\u00e1rez","robots":{"index":"index","follow":"follow","max-snippet":"max-snippet:-1","max-image-preview":"max-image-preview:large","max-video-preview":"max-video-preview:-1"},"canonical":"http:\/\/live-danielsuarezracing.pantheonsite.io\/kobe\/","og_locale":"es_ES","og_type":"article","og_title":"Homenaje a Kobe Bryant - Daniel Su\u00e1rez","og_description":"Actualizaci\u00f3n (6\/3\/2020): La subasta finaliz\u00f3 el 6 de marzo de 2020 a las 12 p.m. EST, recaudando US $ 5,256 para el fondo Mamba On Three. Gracias a todos los que contribuyeron a esta donaci\u00f3n. &nbsp; ********** &nbsp; Amigos, tengo un anuncio especial que quiero compartir con ustedes. &nbsp; Como atletas, todos nos forzamos por [&hellip;]","og_url":"http:\/\/live-danielsuarezracing.pantheonsite.io\/kobe\/","og_site_name":"Daniel Su\u00e1rez","article_modified_time":"2020-03-06T20:29:03+00:00","og_image":[{"width":2560,"height":1326,"url":"http:\/\/live-danielsuarezracing.pantheonsite.io\/wp-content\/uploads\/2020\/02\/Kobe_Tribute.jpg","type":"image\/jpeg"}],"twitter_card":"summary_large_image","twitter_misc":{"Est. reading time":"2 minutes"},"schema":{"@context":"https:\/\/schema.org","@graph":[{"@type":"WebPage","@id":"http:\/\/live-danielsuarezracing.pantheonsite.io\/kobe\/","url":"http:\/\/live-danielsuarezracing.pantheonsite.io\/kobe\/","name":"Homenaje a Kobe Bryant - Daniel Su\u00e1rez","isPartOf":{"@id":"https:\/\/danielsuarezracing.com\/#website"},"primaryImageOfPage":{"@id":"http:\/\/live-danielsuarezracing.pantheonsite.io\/kobe\/#primaryimage"},"image":{"@id":"http:\/\/live-danielsuarezracing.pantheonsite.io\/kobe\/#primaryimage"},"thumbnailUrl":"https:\/\/danielsuarezracing.com\/wp-content\/uploads\/2020\/02\/Kobe_Tribute.jpg","datePublished":"2020-02-25T11:11:17+00:00","dateModified":"2020-03-06T20:29:03+00:00","breadcrumb":{"@id":"http:\/\/live-danielsuarezracing.pantheonsite.io\/kobe\/#breadcrumb"},"inLanguage":"es-ES","potentialAction":[{"@type":"ReadAction","target":["http:\/\/live-danielsuarezracing.pantheonsite.io\/kobe\/"]}]},{"@type":"ImageObject","inLanguage":"es-ES","@id":"http:\/\/live-danielsuarezracing.pantheonsite.io\/kobe\/#primaryimage","url":"https:\/\/danielsuarezracing.com\/wp-content\/uploads\/2020\/02\/Kobe_Tribute.jpg","contentUrl":"https:\/\/danielsuarezracing.com\/wp-content\/uploads\/2020\/02\/Kobe_Tribute.jpg","width":2560,"height":1326},{"@type":"BreadcrumbList","@id":"http:\/\/live-danielsuarezracing.pantheonsite.io\/kobe\/#breadcrumb","itemListElement":[{"@type":"ListItem","position":1,"name":"Home","item":"https:\/\/danielsuarezracing.com\/es\/"},{"@type":"ListItem","position":2,"name":"Homenaje a Kobe Bryant"}]},{"@type":"WebSite","@id":"https:\/\/danielsuarezracing.com\/#website","url":"https:\/\/danielsuarezracing.com\/","name":"Daniel Su\u00e1rez","description":"","potentialAction":[{"@type":"SearchAction","target":{"@type":"EntryPoint","urlTemplate":"https:\/\/danielsuarezracing.com\/?s={search_term_string}"},"query-input":{"@type":"PropertyValueSpecification","valueRequired":true,"valueName":"search_term_string"}}],"inLanguage":"es-ES"}]}},"_links":{"self":[{"href":"https:\/\/danielsuarezracing.com\/es\/wp-json\/wp\/v2\/pages\/8452","targetHints":{"allow":["GET"]}}],"collection":[{"href":"https:\/\/danielsuarezracing.com\/es\/wp-json\/wp\/v2\/pages"}],"about":[{"href":"https:\/\/danielsuarezracing.com\/es\/wp-json\/wp\/v2\/types\/page"}],"author":[{"embeddable":true,"href":"https:\/\/danielsuarezracing.com\/es\/wp-json\/wp\/v2\/users\/6"}],"replies":[{"embeddable":true,"href":"https:\/\/danielsuarezracing.com\/es\/wp-json\/wp\/v2\/comments?post=8452"}],"version-history":[{"count":1,"href":"https:\/\/danielsuarezracing.com\/es\/wp-json\/wp\/v2\/pages\/8452\/revisions"}],"predecessor-version":[{"id":8453,"href":"https:\/\/danielsuarezracing.com\/es\/wp-json\/wp\/v2\/pages\/8452\/revisions\/8453"}],"wp:featuredmedia":[{"embeddable":true,"href":"https:\/\/danielsuarezracing.com\/es\/wp-json\/wp\/v2\/media\/8448"}],"wp:attachment":[{"href":"https:\/\/danielsuarezracing.com\/es\/wp-json\/wp\/v2\/media?parent=8452"}],"curies":[{"name":"wp","href":"https:\/\/api.w.org\/{rel}","templated":true}]}}